{"id":10,"date":"2025-09-15T14:24:28","date_gmt":"2025-09-15T17:24:28","guid":{"rendered":"https:\/\/colegiobompastor.com.br\/?page_id=10"},"modified":"2025-09-22T12:28:50","modified_gmt":"2025-09-22T15:28:50","slug":"home","status":"publish","type":"page","link":"https:\/\/colegiobompastor.com.br\/","title":{"rendered":"Home"},"content":{"rendered":"\t\t<div data-elementor-type=\"wp-page\" data-elementor-id=\"10\" class=\"elementor elementor-10\" data-elementor-post-type=\"page\">\n\t\t\t\t<div class=\"elementor-element elementor-element-25c9095 e-flex e-con-boxed e-con e-parent\" data-id=\"25c9095\" data-element_type=\"container\" data-settings=\"{&quot;background_background&quot;:&quot;classic&quot;}\">\n\t\t\t\t\t<div class=\"e-con-inner\">\n\t\t<div class=\"elementor-element elementor-element-b5c1f1d e-con-full e-flex e-con e-child\" data-id=\"b5c1f1d\" data-element_type=\"container\">\n\t\t\t\t<div class=\"elementor-element elementor-element-8b47fe4 elementor-widget elementor-widget-heading\" data-id=\"8b47fe4\" data-element_type=\"widget\" data-widget_type=\"heading.default\">\n\t\t\t\t\t<h2 class=\"elementor-heading-title elementor-size-default\">Invista no seu futuro hoje!<\/h2>\t\t\t\t<\/div>\n\t\t\t\t<div class=\"elementor-element elementor-element-4ae4c20 elementor-widget elementor-widget-heading\" data-id=\"4ae4c20\" data-element_type=\"widget\" data-widget_type=\"heading.default\">\n\t\t\t\t\t<h2 class=\"elementor-heading-title elementor-size-default\">Chegou a hora de dar o pr\u00f3ximo passo rumo \u00e0s suas conquistas. <\/h2>\t\t\t\t<\/div>\n\t\t\t\t<div class=\"elementor-element elementor-element-5d3dafe elementor-align-justify elementor-widget elementor-widget-button\" data-id=\"5d3dafe\" data-element_type=\"widget\" data-widget_type=\"button.default\">\n\t\t\t\t\t\t\t\t\t\t<a class=\"elementor-button elementor-button-link elementor-size-sm\" href=\"#elementor-action%3Aaction%3Dpopup%3Aopen%26settings%3DeyJpZCI6IjU0MyIsInRvZ2dsZSI6ZmFsc2V9\">\n\t\t\t\t\t\t<span class=\"elementor-button-content-wrapper\">\n\t\t\t\t\t\t\t\t\t<span class=\"elementor-button-text\">FA\u00c7A SUA MATR\u00cdCULA<\/span>\n\t\t\t\t\t<\/span>\n\t\t\t\t\t<\/a>\n\t\t\t\t\t\t\t\t<\/div>\n\t\t\t\t<\/div>\n\t\t<div class=\"elementor-element elementor-element-f6d7a63 e-con-full elementor-hidden-mobile e-flex e-con e-child\" data-id=\"f6d7a63\" data-element_type=\"container\">\n\t\t\t\t<\/div>\n\t\t\t\t\t<\/div>\n\t\t\t\t<\/div>\n\t\t<div class=\"elementor-element elementor-element-57bdc46 e-flex e-con-boxed e-con e-parent\" data-id=\"57bdc46\" data-element_type=\"container\">\n\t\t\t\t\t<div class=\"e-con-inner\">\n\t\t\t\t<div class=\"elementor-element elementor-element-27c15b4 elementor-widget elementor-widget-heading\" data-id=\"27c15b4\" data-element_type=\"widget\" data-widget_type=\"heading.default\">\n\t\t\t\t\t<h2 class=\"elementor-heading-title elementor-size-default\">Por que escolher o Col\u00e9gio Bom Pastor<\/h2>\t\t\t\t<\/div>\n\t\t<div class=\"elementor-element elementor-element-22ac644 e-con-full e-flex e-con e-child\" data-id=\"22ac644\" data-element_type=\"container\">\n\t\t<div class=\"elementor-element elementor-element-d852a91 e-con-full e-flex e-con e-child\" data-id=\"d852a91\" data-element_type=\"container\">\n\t\t\t\t<div class=\"elementor-element elementor-element-1e13ca8 elementor-widget elementor-widget-image\" data-id=\"1e13ca8\" data-element_type=\"widget\" data-widget_type=\"image.default\">\n\t\t\t\t\t\t\t\t\t\t\t\t\t\t\t<img fetchpriority=\"high\" decoding=\"async\" width=\"300\" height=\"300\" src=\"https:\/\/colegiobompastor.com.br\/wp-content\/uploads\/2025\/09\/1.png\" class=\"attachment-full size-full wp-image-229\" alt=\"\" srcset=\"https:\/\/colegiobompastor.com.br\/wp-content\/uploads\/2025\/09\/1.png 300w, https:\/\/colegiobompastor.com.br\/wp-content\/uploads\/2025\/09\/1-150x150.png 150w\" sizes=\"(max-width: 300px) 100vw, 300px\" \/>\t\t\t\t\t\t\t\t\t\t\t\t\t\t\t<\/div>\n\t\t\t\t<div class=\"elementor-element elementor-element-c0e0233 elementor-widget elementor-widget-text-editor\" data-id=\"c0e0233\" data-element_type=\"widget\" data-widget_type=\"text-editor.default\">\n\t\t\t\t\t\t\t\t\t<p><strong>Cursos reconhecidos e aprovados<\/strong> pela Secretaria Estadual de Educa\u00e7\u00e3o.<\/p>\t\t\t\t\t\t\t\t<\/div>\n\t\t\t\t<\/div>\n\t\t<div class=\"elementor-element elementor-element-3a39154 e-con-full e-flex e-con e-child\" data-id=\"3a39154\" data-element_type=\"container\">\n\t\t\t\t<div class=\"elementor-element elementor-element-9c07bd4 elementor-widget elementor-widget-image\" data-id=\"9c07bd4\" data-element_type=\"widget\" data-widget_type=\"image.default\">\n\t\t\t\t\t\t\t\t\t\t\t\t\t\t\t<img decoding=\"async\" width=\"300\" height=\"300\" src=\"https:\/\/colegiobompastor.com.br\/wp-content\/uploads\/2025\/09\/2.png\" class=\"attachment-large size-large wp-image-230\" alt=\"\" srcset=\"https:\/\/colegiobompastor.com.br\/wp-content\/uploads\/2025\/09\/2.png 300w, https:\/\/colegiobompastor.com.br\/wp-content\/uploads\/2025\/09\/2-150x150.png 150w\" sizes=\"(max-width: 300px) 100vw, 300px\" \/>\t\t\t\t\t\t\t\t\t\t\t\t\t\t\t<\/div>\n\t\t\t\t<div class=\"elementor-element elementor-element-4fce306 elementor-widget elementor-widget-text-editor\" data-id=\"4fce306\" data-element_type=\"widget\" data-widget_type=\"text-editor.default\">\n\t\t\t\t\t\t\t\t\t<p><strong>Professores altamente qualificados<\/strong>, com experi\u00eancia pr\u00e1tica em suas \u00e1reas de atua\u00e7\u00e3o.<\/p>\t\t\t\t\t\t\t\t<\/div>\n\t\t\t\t<\/div>\n\t\t<div class=\"elementor-element elementor-element-27497a6 e-con-full e-flex e-con e-child\" data-id=\"27497a6\" data-element_type=\"container\">\n\t\t\t\t<div class=\"elementor-element elementor-element-8883083 elementor-widget elementor-widget-image\" data-id=\"8883083\" data-element_type=\"widget\" data-widget_type=\"image.default\">\n\t\t\t\t\t\t\t\t\t\t\t\t\t\t\t<img decoding=\"async\" width=\"300\" height=\"300\" src=\"https:\/\/colegiobompastor.com.br\/wp-content\/uploads\/2025\/09\/3.png\" class=\"attachment-large size-large wp-image-227\" alt=\"\" srcset=\"https:\/\/colegiobompastor.com.br\/wp-content\/uploads\/2025\/09\/3.png 300w, https:\/\/colegiobompastor.com.br\/wp-content\/uploads\/2025\/09\/3-150x150.png 150w\" sizes=\"(max-width: 300px) 100vw, 300px\" \/>\t\t\t\t\t\t\t\t\t\t\t\t\t\t\t<\/div>\n\t\t\t\t<div class=\"elementor-element elementor-element-39f011e elementor-widget elementor-widget-text-editor\" data-id=\"39f011e\" data-element_type=\"widget\" data-widget_type=\"text-editor.default\">\n\t\t\t\t\t\t\t\t\t<p><strong>Metodologia inovadora de ensino<\/strong>, que une teoria e pr\u00e1tica para acelerar seu aprendizado.<\/p>\t\t\t\t\t\t\t\t<\/div>\n\t\t\t\t<\/div>\n\t\t<div class=\"elementor-element elementor-element-6ff1f3c e-con-full e-flex e-con e-child\" data-id=\"6ff1f3c\" data-element_type=\"container\">\n\t\t\t\t<div class=\"elementor-element elementor-element-1f8ea23 elementor-widget elementor-widget-image\" data-id=\"1f8ea23\" data-element_type=\"widget\" data-widget_type=\"image.default\">\n\t\t\t\t\t\t\t\t\t\t\t\t\t\t\t<img loading=\"lazy\" decoding=\"async\" width=\"300\" height=\"300\" src=\"https:\/\/colegiobompastor.com.br\/wp-content\/uploads\/2025\/09\/4.png\" class=\"attachment-large size-large wp-image-228\" alt=\"\" srcset=\"https:\/\/colegiobompastor.com.br\/wp-content\/uploads\/2025\/09\/4.png 300w, https:\/\/colegiobompastor.com.br\/wp-content\/uploads\/2025\/09\/4-150x150.png 150w\" sizes=\"(max-width: 300px) 100vw, 300px\" \/>\t\t\t\t\t\t\t\t\t\t\t\t\t\t\t<\/div>\n\t\t\t\t<div class=\"elementor-element elementor-element-107a483 elementor-widget elementor-widget-text-editor\" data-id=\"107a483\" data-element_type=\"widget\" data-widget_type=\"text-editor.default\">\n\t\t\t\t\t\t\t\t\t<p><strong>Infraestrutura moderna e completa<\/strong>, pensada para o seu conforto e melhor desempenho.<\/p>\t\t\t\t\t\t\t\t<\/div>\n\t\t\t\t<\/div>\n\t\t\t\t<\/div>\n\t\t\t\t\t<\/div>\n\t\t\t\t<\/div>\n\t\t<div class=\"elementor-element elementor-element-1845268 e-flex e-con-boxed e-con e-parent\" data-id=\"1845268\" data-element_type=\"container\" data-settings=\"{&quot;background_background&quot;:&quot;classic&quot;}\">\n\t\t\t\t\t<div class=\"e-con-inner\">\n\t\t\t\t<div class=\"elementor-element elementor-element-901032d elementor-widget elementor-widget-heading\" data-id=\"901032d\" data-element_type=\"widget\" data-widget_type=\"heading.default\">\n\t\t\t\t\t<h2 class=\"elementor-heading-title elementor-size-default\">Conhe\u00e7a nossos cursos<\/h2>\t\t\t\t<\/div>\n\t\t<div class=\"elementor-element elementor-element-0e2dd70 e-con-full e-flex e-con e-child\" data-id=\"0e2dd70\" data-element_type=\"container\">\n\t\t<div class=\"elementor-element elementor-element-aa40a94 e-con-full e-flex e-con e-child\" data-id=\"aa40a94\" data-element_type=\"container\">\n\t\t\t\t<div class=\"elementor-element elementor-element-d47f485 elementor-widget elementor-widget-image\" data-id=\"d47f485\" data-element_type=\"widget\" data-widget_type=\"image.default\">\n\t\t\t\t\t\t\t\t\t\t\t\t\t\t\t<img loading=\"lazy\" decoding=\"async\" width=\"525\" height=\"525\" src=\"https:\/\/colegiobompastor.com.br\/wp-content\/uploads\/2025\/09\/14-1.png\" class=\"attachment-large size-large wp-image-687\" alt=\"\" srcset=\"https:\/\/colegiobompastor.com.br\/wp-content\/uploads\/2025\/09\/14-1.png 525w, https:\/\/colegiobompastor.com.br\/wp-content\/uploads\/2025\/09\/14-1-300x300.png 300w, https:\/\/colegiobompastor.com.br\/wp-content\/uploads\/2025\/09\/14-1-150x150.png 150w\" sizes=\"(max-width: 525px) 100vw, 525px\" \/>\t\t\t\t\t\t\t\t\t\t\t\t\t\t\t<\/div>\n\t\t\t\t<div class=\"elementor-element elementor-element-d851f3f elementor-widget elementor-widget-heading\" data-id=\"d851f3f\" data-element_type=\"widget\" data-widget_type=\"heading.default\">\n\t\t\t\t\t<h2 class=\"elementor-heading-title elementor-size-default\">T\u00e9cnico em Enfermagem<\/h2>\t\t\t\t<\/div>\n\t\t\t\t<div class=\"elementor-element elementor-element-903ade6 elementor-align-justify elementor-widget elementor-widget-button\" data-id=\"903ade6\" data-element_type=\"widget\" data-widget_type=\"button.default\">\n\t\t\t\t\t\t\t\t\t\t<a class=\"elementor-button elementor-button-link elementor-size-sm\" href=\"https:\/\/colegiobompastor.com.br\/index.php\/tecnico-em-enfermagem\/\">\n\t\t\t\t\t\t<span class=\"elementor-button-content-wrapper\">\n\t\t\t\t\t\t\t\t\t<span class=\"elementor-button-text\">QUERO SABER MAIS<\/span>\n\t\t\t\t\t<\/span>\n\t\t\t\t\t<\/a>\n\t\t\t\t\t\t\t\t<\/div>\n\t\t\t\t<\/div>\n\t\t<div class=\"elementor-element elementor-element-f31288d e-con-full e-flex e-con e-child\" data-id=\"f31288d\" data-element_type=\"container\">\n\t\t\t\t<div class=\"elementor-element elementor-element-243066a elementor-widget elementor-widget-image\" data-id=\"243066a\" data-element_type=\"widget\" data-widget_type=\"image.default\">\n\t\t\t\t\t\t\t\t\t\t\t\t\t\t\t<img loading=\"lazy\" decoding=\"async\" width=\"525\" height=\"525\" src=\"https:\/\/colegiobompastor.com.br\/wp-content\/uploads\/2025\/09\/9-2.png\" class=\"attachment-large size-large wp-image-682\" alt=\"\" srcset=\"https:\/\/colegiobompastor.com.br\/wp-content\/uploads\/2025\/09\/9-2.png 525w, https:\/\/colegiobompastor.com.br\/wp-content\/uploads\/2025\/09\/9-2-300x300.png 300w, https:\/\/colegiobompastor.com.br\/wp-content\/uploads\/2025\/09\/9-2-150x150.png 150w\" sizes=\"(max-width: 525px) 100vw, 525px\" \/>\t\t\t\t\t\t\t\t\t\t\t\t\t\t\t<\/div>\n\t\t\t\t<div class=\"elementor-element elementor-element-4841218 elementor-widget elementor-widget-heading\" data-id=\"4841218\" data-element_type=\"widget\" data-widget_type=\"heading.default\">\n\t\t\t\t\t<h2 class=\"elementor-heading-title elementor-size-default\">T\u00e9cnico em Farm\u00e1cia<\/h2>\t\t\t\t<\/div>\n\t\t\t\t<div class=\"elementor-element elementor-element-2f5b6e0 elementor-align-justify elementor-widget elementor-widget-button\" data-id=\"2f5b6e0\" data-element_type=\"widget\" data-widget_type=\"button.default\">\n\t\t\t\t\t\t\t\t\t\t<a class=\"elementor-button elementor-button-link elementor-size-sm\" href=\"https:\/\/colegiobompastor.com.br\/index.php\/curso-tecnico-em-farmacia\/\">\n\t\t\t\t\t\t<span class=\"elementor-button-content-wrapper\">\n\t\t\t\t\t\t\t\t\t<span class=\"elementor-button-text\">QUERO SABER MAIS<\/span>\n\t\t\t\t\t<\/span>\n\t\t\t\t\t<\/a>\n\t\t\t\t\t\t\t\t<\/div>\n\t\t\t\t<\/div>\n\t\t<div class=\"elementor-element elementor-element-90787bf e-con-full e-flex e-con e-child\" data-id=\"90787bf\" data-element_type=\"container\">\n\t\t\t\t<div class=\"elementor-element elementor-element-08da89a elementor-widget elementor-widget-image\" data-id=\"08da89a\" data-element_type=\"widget\" data-widget_type=\"image.default\">\n\t\t\t\t\t\t\t\t\t\t\t\t\t\t\t<img loading=\"lazy\" decoding=\"async\" width=\"525\" height=\"525\" src=\"https:\/\/colegiobompastor.com.br\/wp-content\/uploads\/2025\/09\/13-1.png\" class=\"attachment-large size-large wp-image-686\" alt=\"\" srcset=\"https:\/\/colegiobompastor.com.br\/wp-content\/uploads\/2025\/09\/13-1.png 525w, https:\/\/colegiobompastor.com.br\/wp-content\/uploads\/2025\/09\/13-1-300x300.png 300w, https:\/\/colegiobompastor.com.br\/wp-content\/uploads\/2025\/09\/13-1-150x150.png 150w\" sizes=\"(max-width: 525px) 100vw, 525px\" \/>\t\t\t\t\t\t\t\t\t\t\t\t\t\t\t<\/div>\n\t\t\t\t<div class=\"elementor-element elementor-element-dfad588 elementor-widget elementor-widget-heading\" data-id=\"dfad588\" data-element_type=\"widget\" data-widget_type=\"heading.default\">\n\t\t\t\t\t<h2 class=\"elementor-heading-title elementor-size-default\">T\u00e9cnico em Meio Ambiente<\/h2>\t\t\t\t<\/div>\n\t\t\t\t<div class=\"elementor-element elementor-element-4da895e elementor-align-justify elementor-widget elementor-widget-button\" data-id=\"4da895e\" data-element_type=\"widget\" data-widget_type=\"button.default\">\n\t\t\t\t\t\t\t\t\t\t<a class=\"elementor-button elementor-button-link elementor-size-sm\" href=\"https:\/\/colegiobompastor.com.br\/index.php\/curso-tecnico-em-meio-ambiente\/\">\n\t\t\t\t\t\t<span class=\"elementor-button-content-wrapper\">\n\t\t\t\t\t\t\t\t\t<span class=\"elementor-button-text\">QUERO SABER MAIS<\/span>\n\t\t\t\t\t<\/span>\n\t\t\t\t\t<\/a>\n\t\t\t\t\t\t\t\t<\/div>\n\t\t\t\t<\/div>\n\t\t\t\t<\/div>\n\t\t<div class=\"elementor-element elementor-element-c77fa02 e-con-full e-flex e-con e-child\" data-id=\"c77fa02\" data-element_type=\"container\">\n\t\t<div class=\"elementor-element elementor-element-96fd1fb e-con-full e-flex e-con e-child\" data-id=\"96fd1fb\" data-element_type=\"container\">\n\t\t\t\t<div class=\"elementor-element elementor-element-83f918f elementor-widget elementor-widget-image\" data-id=\"83f918f\" data-element_type=\"widget\" data-widget_type=\"image.default\">\n\t\t\t\t\t\t\t\t\t\t\t\t\t\t\t<img loading=\"lazy\" decoding=\"async\" width=\"525\" height=\"525\" src=\"https:\/\/colegiobompastor.com.br\/wp-content\/uploads\/2025\/09\/11-1.png\" class=\"attachment-large size-large wp-image-684\" alt=\"\" srcset=\"https:\/\/colegiobompastor.com.br\/wp-content\/uploads\/2025\/09\/11-1.png 525w, https:\/\/colegiobompastor.com.br\/wp-content\/uploads\/2025\/09\/11-1-300x300.png 300w, https:\/\/colegiobompastor.com.br\/wp-content\/uploads\/2025\/09\/11-1-150x150.png 150w\" sizes=\"(max-width: 525px) 100vw, 525px\" \/>\t\t\t\t\t\t\t\t\t\t\t\t\t\t\t<\/div>\n\t\t\t\t<div class=\"elementor-element elementor-element-2d86647 elementor-widget elementor-widget-heading\" data-id=\"2d86647\" data-element_type=\"widget\" data-widget_type=\"heading.default\">\n\t\t\t\t\t<h2 class=\"elementor-heading-title elementor-size-default\">Especializa\u00e7\u00e3o T\u00e9cnica em Instrumenta\u00e7\u00e3o Cir\u00fargica<\/h2>\t\t\t\t<\/div>\n\t\t\t\t<div class=\"elementor-element elementor-element-59e008e elementor-align-justify elementor-widget elementor-widget-button\" data-id=\"59e008e\" data-element_type=\"widget\" data-widget_type=\"button.default\">\n\t\t\t\t\t\t\t\t\t\t<a class=\"elementor-button elementor-button-link elementor-size-sm\" href=\"https:\/\/colegiobompastor.com.br\/index.php\/curso-especializacao-tecnica-em-instrumentacao-cirurgica\/\">\n\t\t\t\t\t\t<span class=\"elementor-button-content-wrapper\">\n\t\t\t\t\t\t\t\t\t<span class=\"elementor-button-text\">QUERO SABER MAIS<\/span>\n\t\t\t\t\t<\/span>\n\t\t\t\t\t<\/a>\n\t\t\t\t\t\t\t\t<\/div>\n\t\t\t\t<\/div>\n\t\t<div class=\"elementor-element elementor-element-fcb230a e-con-full e-flex e-con e-child\" data-id=\"fcb230a\" data-element_type=\"container\">\n\t\t\t\t<div class=\"elementor-element elementor-element-90d2148 elementor-widget elementor-widget-image\" data-id=\"90d2148\" data-element_type=\"widget\" data-widget_type=\"image.default\">\n\t\t\t\t\t\t\t\t\t\t\t\t\t\t\t<img loading=\"lazy\" decoding=\"async\" width=\"525\" height=\"525\" src=\"https:\/\/colegiobompastor.com.br\/wp-content\/uploads\/2025\/09\/12-1.png\" class=\"attachment-large size-large wp-image-685\" alt=\"\" srcset=\"https:\/\/colegiobompastor.com.br\/wp-content\/uploads\/2025\/09\/12-1.png 525w, https:\/\/colegiobompastor.com.br\/wp-content\/uploads\/2025\/09\/12-1-300x300.png 300w, https:\/\/colegiobompastor.com.br\/wp-content\/uploads\/2025\/09\/12-1-150x150.png 150w\" sizes=\"(max-width: 525px) 100vw, 525px\" \/>\t\t\t\t\t\t\t\t\t\t\t\t\t\t\t<\/div>\n\t\t\t\t<div class=\"elementor-element elementor-element-86e1efd elementor-widget elementor-widget-heading\" data-id=\"86e1efd\" data-element_type=\"widget\" data-widget_type=\"heading.default\">\n\t\t\t\t\t<h2 class=\"elementor-heading-title elementor-size-default\">Especializa\u00e7\u00e3o T\u00e9cnica em Enfermagem do Trabalho<\/h2>\t\t\t\t<\/div>\n\t\t\t\t<div class=\"elementor-element elementor-element-3b45736 elementor-align-justify elementor-widget elementor-widget-button\" data-id=\"3b45736\" data-element_type=\"widget\" data-widget_type=\"button.default\">\n\t\t\t\t\t\t\t\t\t\t<a class=\"elementor-button elementor-button-link elementor-size-sm\" href=\"https:\/\/colegiobompastor.com.br\/index.php\/curso-especializacao-tecnica-em-enfermagem-do-trabalho\/\">\n\t\t\t\t\t\t<span class=\"elementor-button-content-wrapper\">\n\t\t\t\t\t\t\t\t\t<span class=\"elementor-button-text\">QUERO SABER MAIS<\/span>\n\t\t\t\t\t<\/span>\n\t\t\t\t\t<\/a>\n\t\t\t\t\t\t\t\t<\/div>\n\t\t\t\t<\/div>\n\t\t<div class=\"elementor-element elementor-element-b765415 e-con-full e-flex e-con e-child\" data-id=\"b765415\" data-element_type=\"container\">\n\t\t\t\t<div class=\"elementor-element elementor-element-a64089a elementor-widget elementor-widget-image\" data-id=\"a64089a\" data-element_type=\"widget\" data-widget_type=\"image.default\">\n\t\t\t\t\t\t\t\t\t\t\t\t\t\t\t<img loading=\"lazy\" decoding=\"async\" width=\"525\" height=\"525\" src=\"https:\/\/colegiobompastor.com.br\/wp-content\/uploads\/2025\/09\/10-1.png\" class=\"attachment-large size-large wp-image-683\" alt=\"\" srcset=\"https:\/\/colegiobompastor.com.br\/wp-content\/uploads\/2025\/09\/10-1.png 525w, https:\/\/colegiobompastor.com.br\/wp-content\/uploads\/2025\/09\/10-1-300x300.png 300w, https:\/\/colegiobompastor.com.br\/wp-content\/uploads\/2025\/09\/10-1-150x150.png 150w\" sizes=\"(max-width: 525px) 100vw, 525px\" \/>\t\t\t\t\t\t\t\t\t\t\t\t\t\t\t<\/div>\n\t\t\t\t<div class=\"elementor-element elementor-element-6af6a9e elementor-widget elementor-widget-heading\" data-id=\"6af6a9e\" data-element_type=\"widget\" data-widget_type=\"heading.default\">\n\t\t\t\t\t<h2 class=\"elementor-heading-title elementor-size-default\">T\u00e9cnico em Seguran\u00e7a do Trabalho<\/h2>\t\t\t\t<\/div>\n\t\t\t\t<div class=\"elementor-element elementor-element-1a0b904 elementor-align-justify elementor-widget elementor-widget-button\" data-id=\"1a0b904\" data-element_type=\"widget\" data-widget_type=\"button.default\">\n\t\t\t\t\t\t\t\t\t\t<a class=\"elementor-button elementor-button-link elementor-size-sm\" href=\"https:\/\/colegiobompastor.com.br\/index.php\/curso-tecnico-em-seguranca-do-trabalho\/\">\n\t\t\t\t\t\t<span class=\"elementor-button-content-wrapper\">\n\t\t\t\t\t\t\t\t\t<span class=\"elementor-button-text\">QUERO SABER MAIS<\/span>\n\t\t\t\t\t<\/span>\n\t\t\t\t\t<\/a>\n\t\t\t\t\t\t\t\t<\/div>\n\t\t\t\t<\/div>\n\t\t\t\t<\/div>\n\t\t\t\t\t<\/div>\n\t\t\t\t<\/div>\n\t\t<div class=\"elementor-element elementor-element-9e25af1 e-flex e-con-boxed e-con e-parent\" data-id=\"9e25af1\" data-element_type=\"container\" id=\"institucional\" data-settings=\"{&quot;background_background&quot;:&quot;classic&quot;}\">\n\t\t\t\t\t<div class=\"e-con-inner\">\n\t\t<div class=\"elementor-element elementor-element-00fb849 e-con-full e-flex e-con e-child\" data-id=\"00fb849\" data-element_type=\"container\">\n\t\t\t\t<div class=\"elementor-element elementor-element-7f9bcf4 elementor-widget elementor-widget-image\" data-id=\"7f9bcf4\" data-element_type=\"widget\" data-widget_type=\"image.default\">\n\t\t\t\t\t\t\t\t\t\t\t\t\t\t\t<img loading=\"lazy\" decoding=\"async\" width=\"404\" height=\"404\" src=\"https:\/\/colegiobompastor.com.br\/wp-content\/uploads\/2025\/09\/Logo-2.png\" class=\"attachment-large size-large wp-image-6\" alt=\"\" srcset=\"https:\/\/colegiobompastor.com.br\/wp-content\/uploads\/2025\/09\/Logo-2.png 404w, https:\/\/colegiobompastor.com.br\/wp-content\/uploads\/2025\/09\/Logo-2-300x300.png 300w, https:\/\/colegiobompastor.com.br\/wp-content\/uploads\/2025\/09\/Logo-2-150x150.png 150w\" sizes=\"(max-width: 404px) 100vw, 404px\" \/>\t\t\t\t\t\t\t\t\t\t\t\t\t\t\t<\/div>\n\t\t\t\t<\/div>\n\t\t<div class=\"elementor-element elementor-element-3af71ab e-con-full e-flex e-con e-child\" data-id=\"3af71ab\" data-element_type=\"container\">\n\t\t\t\t<div class=\"elementor-element elementor-element-833dc41 elementor-widget elementor-widget-heading\" data-id=\"833dc41\" data-element_type=\"widget\" data-widget_type=\"heading.default\">\n\t\t\t\t\t<h2 class=\"elementor-heading-title elementor-size-default\">Sobre N\u00f3s<\/h2>\t\t\t\t<\/div>\n\t\t\t\t<div class=\"elementor-element elementor-element-9df3f4b elementor-widget elementor-widget-text-editor\" data-id=\"9df3f4b\" data-element_type=\"widget\" data-widget_type=\"text-editor.default\">\n\t\t\t\t\t\t\t\t\t<h2 style=\"text-align: left;\"><span style=\"color: #038c73;\"><strong>Miss\u00e3o<\/strong><\/span><\/h2><p>O Centro de Forma\u00e7\u00e3o Profissional Bom Pastor tem como miss\u00e3o educar jovens e adultos para a excel\u00eancia humana, profissional e acad\u00eamica \u00e0 luz de uma atitude moral, c\u00edvica e crist\u00e3.<\/p><h2 style=\"text-align: left;\"><span style=\"color: #038c73;\"><strong>Vis\u00e3o<\/strong><\/span><\/h2><p>Nosso ensino e estrutura visam desenvolver o corpo para uma vida saud\u00e1vel; a mente para uma vida com escolhas certas; o car\u00e1ter para uma vida digna; a escola que profissionaliza com seriedade.<\/p><h2 style=\"text-align: left;\"><span style=\"color: #038c73;\"><strong>Valores<\/strong><\/span><\/h2><p>Como escola particular, o Centro de Forma\u00e7\u00e3o Profissional Bom Pastor \u00e9 privilegiado de humaniza\u00e7\u00e3o, de profissionaliza\u00e7\u00e3o e de educa\u00e7\u00e3o para a cidadania, o conhecimento e a compreens\u00e3o da cultura e da hist\u00f3ria brasileira e mundial. Ele busca desenvolver as capacidades de cada aluno de maneira individual, ajudando a formar, sobretudo, uma personalidade capaz de interagir de maneira positiva com a sociedade, o ambiente de trabalho e a natureza. Ao valorizar aspectos como a autonomia, solidariedade, responsabilidade pessoal e coletiva, prop\u00f5e-se a ser um lugar para a forma\u00e7\u00e3o da Excel\u00eancia Humana, Profissional e Acad\u00eamica.<\/p>\t\t\t\t\t\t\t\t<\/div>\n\t\t\t\t<\/div>\n\t\t\t\t\t<\/div>\n\t\t\t\t<\/div>\n\t\t<div class=\"elementor-element elementor-element-2d4f303 e-flex e-con-boxed e-con e-parent\" data-id=\"2d4f303\" data-element_type=\"container\" id=\"contato\" data-settings=\"{&quot;background_background&quot;:&quot;classic&quot;}\">\n\t\t\t\t\t<div class=\"e-con-inner\">\n\t\t\t\t<div class=\"elementor-element elementor-element-8976586 elementor-widget elementor-widget-heading\" data-id=\"8976586\" data-element_type=\"widget\" data-widget_type=\"heading.default\">\n\t\t\t\t\t<h2 class=\"elementor-heading-title elementor-size-default\">Fa\u00e7a j\u00e1 a sua Pr\u00e9-matr\u00edcula<\/h2>\t\t\t\t<\/div>\n\t\t\t\t<div class=\"elementor-element elementor-element-332946a elementor-widget__width-initial elementor-widget elementor-widget-text-editor\" data-id=\"332946a\" data-element_type=\"widget\" data-widget_type=\"text-editor.default\">\n\t\t\t\t\t\t\t\t\t<p><strong>N\u00e3o deixe esta oportunidade para depois!<\/strong><\/p><p>Disponibilizamos a oportunidade de voc\u00ea garantir a sua vaga em um de nossos CURSOS. Preencha nosso formul\u00e1rio de Pr\u00e9-Matr\u00edcula, \u00e9 R\u00c1PIDO e F\u00c1CIL! Se voc\u00ea est\u00e1 pensando no seu futuro e deseja estudar conosco\u2026 ADIANTE-SE.<\/p>\t\t\t\t\t\t\t\t<\/div>\n\t\t\t\t<div class=\"elementor-element elementor-element-e51dab8 elementor-align-justify elementor-widget elementor-widget-button\" data-id=\"e51dab8\" data-element_type=\"widget\" data-widget_type=\"button.default\">\n\t\t\t\t\t\t\t\t\t\t<a class=\"elementor-button elementor-button-link elementor-size-sm\" href=\"#elementor-action%3Aaction%3Dpopup%3Aopen%26settings%3DeyJpZCI6IjU0MyIsInRvZ2dsZSI6ZmFsc2V9\">\n\t\t\t\t\t\t<span class=\"elementor-button-content-wrapper\">\n\t\t\t\t\t\t\t\t\t<span class=\"elementor-button-text\">QUERO FAZER MINHA PR\u00c9-MATRICULA<\/span>\n\t\t\t\t\t<\/span>\n\t\t\t\t\t<\/a>\n\t\t\t\t\t\t\t\t<\/div>\n\t\t\t\t\t<\/div>\n\t\t\t\t<\/div>\n\t\t\t\t<\/div>\n\t\t","protected":false},"excerpt":{"rendered":"<p>Invista no seu futuro hoje! Chegou a hora de dar o pr\u00f3ximo passo rumo \u00e0s suas conquistas. FA\u00c7A SUA MATR\u00cdCULA Por que escolher o Col\u00e9gio Bom Pastor Cursos reconhecidos e aprovados pela Secretaria Estadual de Educa\u00e7\u00e3o. Professores altamente qualificados, com experi\u00eancia pr\u00e1tica em suas \u00e1reas de atua\u00e7\u00e3o. Metodologia inovadora de ensino, que une teoria e [&hellip;]<\/p>\n","protected":false},"author":1,"featured_media":0,"parent":0,"menu_order":0,"comment_status":"closed","ping_status":"closed","template":"elementor_header_footer","meta":{"footnotes":""},"class_list":["post-10","page","type-page","status-publish","hentry"],"_links":{"self":[{"href":"https:\/\/colegiobompastor.com.br\/index.php\/wp-json\/wp\/v2\/pages\/10","targetHints":{"allow":["GET"]}}],"collection":[{"href":"https:\/\/colegiobompastor.com.br\/index.php\/wp-json\/wp\/v2\/pages"}],"about":[{"href":"https:\/\/colegiobompastor.com.br\/index.php\/wp-json\/wp\/v2\/types\/page"}],"author":[{"embeddable":true,"href":"https:\/\/colegiobompastor.com.br\/index.php\/wp-json\/wp\/v2\/users\/1"}],"replies":[{"embeddable":true,"href":"https:\/\/colegiobompastor.com.br\/index.php\/wp-json\/wp\/v2\/comments?post=10"}],"version-history":[{"count":166,"href":"https:\/\/colegiobompastor.com.br\/index.php\/wp-json\/wp\/v2\/pages\/10\/revisions"}],"predecessor-version":[{"id":717,"href":"https:\/\/colegiobompastor.com.br\/index.php\/wp-json\/wp\/v2\/pages\/10\/revisions\/717"}],"wp:attachment":[{"href":"https:\/\/colegiobompastor.com.br\/index.php\/wp-json\/wp\/v2\/media?parent=10"}],"curies":[{"name":"wp","href":"https:\/\/api.w.org\/{rel}","templated":true}]}}